{"id":875,"date":"2026-04-16T00:25:42","date_gmt":"2026-04-15T22:25:42","guid":{"rendered":"https:\/\/www.xibal.store\/?post_type=product&#038;p=875"},"modified":"2026-04-25T16:25:37","modified_gmt":"2026-04-25T14:25:37","slug":"x_bones-5-panel-cap","status":"publish","type":"product","link":"https:\/\/www.xibal.store\/es\/producto\/x_bones-5-panel-cap\/","title":{"rendered":"X_BONES 5 PANEL CAP"},"content":{"rendered":"<p>El frontal presenta nuestro escudo circular distintivo <b data-path-to-node=\"5\" data-index-in-node=\"33\">&#8220;Live Your Own Story&#8221;<\/b> , presidido por los ic\u00f3nicos huesos cruzados. Este dise\u00f1o cobra vida mediante un bordado en relieve de alta definici\u00f3n, creando un contraste t\u00e1ctil y potente en naranja dorado sobre el tejido negro desgastado. Un recordatorio para mantenerte fiel a tu camino, creado para quienes definen su propio legado.<\/p>\n<ul>\n<li data-path-to-node=\"5\">Dise\u00f1o 5-panel deconstruido para un ajuste relajado.<\/li>\n<li data-path-to-node=\"5\">100% Sarga de algod\u00f3n (Cotton Twill) de alto gramaje con acabado garment-wash.<\/li>\n<li data-path-to-node=\"5\">Correa ajustable en sarga de algod\u00f3n a juego.<\/li>\n<li data-path-to-node=\"5\">Ojales de ventilaci\u00f3n bordados.<\/li>\n<li data-path-to-node=\"5\">Talla \u00fanica (ajustable).<\/li>\n<\/ul>","protected":false},"excerpt":{"rendered":"<p>La <b data-path-to-node=\"4\" data-index-in-node=\"4\">Gorra X (Bones)<\/b> en color Washed Black es un dise\u00f1o 5-panel deconstruido, confeccionado en sarga de algod\u00f3n 100% de alta resistencia. Sometida a un proceso especializado de lavado en prenda, logra un tono carb\u00f3n desgastado y una textura vintage tan suave que se siente como tu gorra favorita desde el primer d\u00eda.<\/p>","protected":false},"featured_media":876,"template":"","meta":[],"product_brand":[],"product_cat":[23,18,16,17],"product_tag":[],"class_list":{"0":"post-875","1":"product","2":"type-product","3":"status-publish","4":"has-post-thumbnail","6":"product_cat-caps","7":"product_cat-goods","8":"product_cat-mens","9":"product_cat-womens","11":"first","12":"instock","13":"sale","14":"shipping-taxable","15":"purchasable","16":"product-type-simple"},"_links":{"self":[{"href":"https:\/\/www.xibal.store\/es\/wp-json\/wp\/v2\/product\/875","targetHints":{"allow":["GET"]}}],"collection":[{"href":"https:\/\/www.xibal.store\/es\/wp-json\/wp\/v2\/product"}],"about":[{"href":"https:\/\/www.xibal.store\/es\/wp-json\/wp\/v2\/types\/product"}],"wp:featuredmedia":[{"embeddable":true,"href":"https:\/\/www.xibal.store\/es\/wp-json\/wp\/v2\/media\/876"}],"wp:attachment":[{"href":"https:\/\/www.xibal.store\/es\/wp-json\/wp\/v2\/media?parent=875"}],"wp:term":[{"taxonomy":"product_brand","embeddable":true,"href":"https:\/\/www.xibal.store\/es\/wp-json\/wp\/v2\/product_brand?post=875"},{"taxonomy":"product_cat","embeddable":true,"href":"https:\/\/www.xibal.store\/es\/wp-json\/wp\/v2\/product_cat?post=875"},{"taxonomy":"product_tag","embeddable":true,"href":"https:\/\/www.xibal.store\/es\/wp-json\/wp\/v2\/product_tag?post=875"}],"curies":[{"name":"wp","href":"https:\/\/api.w.org\/{rel}","templated":true}]}}