{"id":803,"date":"2026-04-07T23:59:09","date_gmt":"2026-04-07T21:59:09","guid":{"rendered":"https:\/\/www.xibal.store\/?post_type=product&#038;p=803"},"modified":"2026-04-25T14:18:23","modified_gmt":"2026-04-25T12:18:23","slug":"owl-5-panel-cap","status":"publish","type":"product","link":"https:\/\/www.xibal.store\/es\/producto\/owl-5-panel-cap\/","title":{"rendered":"OWL 5 PANEL CAP"},"content":{"rendered":"<p>La pieza central es el ic\u00f3nico emblema del b\u00faho de Xibal, realizado con un <b data-path-to-node=\"8\" data-index-in-node=\"62\">bordado en relieve 3D de alta definici\u00f3n<\/b> que aporta un contraste t\u00e1ctil premium sobre el suave tejido oliva. Dise\u00f1ada para ofrecer la m\u00e1xima comodidad y cuidada hasta el \u00faltimo detalle: mantente alerta en el camino que tienes por delante.<\/p>\n<ul>\n<li data-path-to-node=\"5\">Dise\u00f1o 5-panel deconstruido para un ajuste relajado.<\/li>\n<li data-path-to-node=\"5\">100% Sarga de algod\u00f3n (Cotton Twill) de alto gramaje con acabado garment-wash.<\/li>\n<li data-path-to-node=\"5\">Correa ajustable en sarga de algod\u00f3n a juego.<\/li>\n<li data-path-to-node=\"5\">Ojales de ventilaci\u00f3n bordados.<\/li>\n<li data-path-to-node=\"5\">Talla \u00fanica (ajustable).<\/li>\n<li data-path-to-node=\"5\">Adjustable strap<\/li>\n<\/ul>","protected":false},"excerpt":{"rendered":"<p>La gorra \"Owl\" en color Washed Olive es un dise\u00f1o 5-panel deconstruido, confeccionado en sarga de algod\u00f3n 100% de alta resistencia. Gracias a su acabado garment-wash, ofrece una textura con car\u00e1cter y esa sensaci\u00f3n de prenda ya vivida desde el primer momento.<\/p>","protected":false},"featured_media":807,"template":"","meta":[],"product_brand":[],"product_cat":[23,18,16,17],"product_tag":[],"class_list":{"0":"post-803","1":"product","2":"type-product","3":"status-publish","4":"has-post-thumbnail","6":"product_cat-caps","7":"product_cat-goods","8":"product_cat-mens","9":"product_cat-womens","11":"first","12":"instock","13":"sale","14":"shipping-taxable","15":"purchasable","16":"product-type-simple"},"_links":{"self":[{"href":"https:\/\/www.xibal.store\/es\/wp-json\/wp\/v2\/product\/803","targetHints":{"allow":["GET"]}}],"collection":[{"href":"https:\/\/www.xibal.store\/es\/wp-json\/wp\/v2\/product"}],"about":[{"href":"https:\/\/www.xibal.store\/es\/wp-json\/wp\/v2\/types\/product"}],"wp:featuredmedia":[{"embeddable":true,"href":"https:\/\/www.xibal.store\/es\/wp-json\/wp\/v2\/media\/807"}],"wp:attachment":[{"href":"https:\/\/www.xibal.store\/es\/wp-json\/wp\/v2\/media?parent=803"}],"wp:term":[{"taxonomy":"product_brand","embeddable":true,"href":"https:\/\/www.xibal.store\/es\/wp-json\/wp\/v2\/product_brand?post=803"},{"taxonomy":"product_cat","embeddable":true,"href":"https:\/\/www.xibal.store\/es\/wp-json\/wp\/v2\/product_cat?post=803"},{"taxonomy":"product_tag","embeddable":true,"href":"https:\/\/www.xibal.store\/es\/wp-json\/wp\/v2\/product_tag?post=803"}],"curies":[{"name":"wp","href":"https:\/\/api.w.org\/{rel}","templated":true}]}}