{"id":281,"date":"2026-03-25T22:32:15","date_gmt":"2026-03-25T21:32:15","guid":{"rendered":"https:\/\/www.xibal.store\/?post_type=product&#038;p=281"},"modified":"2026-04-25T14:17:36","modified_gmt":"2026-04-25T12:17:36","slug":"postlude-t-shirt-off-white","status":"publish","type":"product","link":"https:\/\/www.xibal.store\/es\/producto\/postlude-t-shirt-off-white\/","title":{"rendered":"POSTLUDE T-SHIRT &#8211; OFF WHITE"},"content":{"rendered":"<p>Confeccionada en nuestro algod\u00f3n <b data-path-to-node=\"5\" data-index-in-node=\"25\">Off-White <\/b>, esta edici\u00f3n prioriza las l\u00edneas limpias y la nitidez gr\u00e1fica. Su ejecuci\u00f3n monocrom\u00e1tica garantiza una est\u00e9tica atemporal, convirti\u00e9ndola en un b\u00e1sico sofisticado para el armario m\u00e1s exigente y moderno.<\/p>\n<ul>\n<li data-path-to-node=\"5\">100% Algod\u00f3n<\/li>\n<li data-path-to-node=\"5\">260 GSM (Alto gramaje)<\/li>\n<li data-path-to-node=\"5\">Off-White \/ Bone<\/li>\n<li data-path-to-node=\"5\">Impresi\u00f3n gr\u00e1fica de alta definici\u00f3n<\/li>\n<li data-path-to-node=\"5\">Obra conceptual \u201cPostlude\u201d<\/li>\n<\/ul>","protected":false},"excerpt":{"rendered":"<p>Una exploraci\u00f3n sofisticada sobre la m\u00fasica y la mortalidad. La <b data-path-to-node=\"3\" data-index-in-node=\"94\">camiseta \u201cPostlude\u201d<\/b> resenta un intrincado cr\u00e1neo anat\u00f3mico compuesto por notaciones musicales. Esta edici\u00f3n redise\u00f1a el concepto del \"gran final\" a trav\u00e9s de una lente limpia y monocrom\u00e1tica, fusionando la precisi\u00f3n gr\u00e1fica de alto contraste con nuestro lienzo <b data-path-to-node=\"3\" data-index-in-node=\"327\">Off-White<\/b> .<\/p>","protected":false},"featured_media":285,"template":"","meta":[],"product_brand":[],"product_cat":[16],"product_tag":[],"class_list":{"0":"post-281","1":"product","2":"type-product","3":"status-publish","4":"has-post-thumbnail","6":"product_cat-mens","8":"first","9":"instock","10":"sale","11":"featured","12":"shipping-taxable","13":"purchasable","14":"product-type-variable"},"_links":{"self":[{"href":"https:\/\/www.xibal.store\/es\/wp-json\/wp\/v2\/product\/281","targetHints":{"allow":["GET"]}}],"collection":[{"href":"https:\/\/www.xibal.store\/es\/wp-json\/wp\/v2\/product"}],"about":[{"href":"https:\/\/www.xibal.store\/es\/wp-json\/wp\/v2\/types\/product"}],"wp:featuredmedia":[{"embeddable":true,"href":"https:\/\/www.xibal.store\/es\/wp-json\/wp\/v2\/media\/285"}],"wp:attachment":[{"href":"https:\/\/www.xibal.store\/es\/wp-json\/wp\/v2\/media?parent=281"}],"wp:term":[{"taxonomy":"product_brand","embeddable":true,"href":"https:\/\/www.xibal.store\/es\/wp-json\/wp\/v2\/product_brand?post=281"},{"taxonomy":"product_cat","embeddable":true,"href":"https:\/\/www.xibal.store\/es\/wp-json\/wp\/v2\/product_cat?post=281"},{"taxonomy":"product_tag","embeddable":true,"href":"https:\/\/www.xibal.store\/es\/wp-json\/wp\/v2\/product_tag?post=281"}],"curies":[{"name":"wp","href":"https:\/\/api.w.org\/{rel}","templated":true}]}}