{"id":18,"date":"2026-03-17T22:30:07","date_gmt":"2026-03-17T21:30:07","guid":{"rendered":"https:\/\/www.xibal.store\/?post_type=product&#038;p=18"},"modified":"2026-04-30T16:56:10","modified_gmt":"2026-04-30T14:56:10","slug":"skeletal-t-shirt-black","status":"publish","type":"product","link":"https:\/\/www.xibal.store\/es\/producto\/skeletal-t-shirt-black\/","title":{"rendered":"SKELETAL T-SHIRT &#8211; BLACK"},"content":{"rendered":"<p data-path-to-node=\"5\">La <b data-path-to-node=\"5\" data-index-in-node=\"4\">Camiseta \u201cSkeletal\u201d<\/b> en color Black es una pieza de corte boxy para hombre, confeccionada en algod\u00f3n de alto gramaje. Presenta un gr\u00e1fico de una caja tor\u00e1cica en relieve 3D de alta densidad, inspirado en la anatom\u00eda cl\u00e1sica y la est\u00e9tica del lujo oscuro.<\/p>\n<ul>\n<li data-path-to-node=\"5\">100% Algod\u00f3n<\/li>\n<li data-path-to-node=\"5\">260 GSM (Alto gramaje)<\/li>\n<li data-path-to-node=\"5\">Relieve 3D de alta densidad<\/li>\n<li data-path-to-node=\"5\">Tacto suave con ca\u00edda estructurada<\/li>\n<\/ul>","protected":false},"excerpt":{"rendered":"<p>La <b data-path-to-node=\"2,0\" data-index-in-node=\"4\">Camiseta \u201cSkeletal\u201d<\/b> en color Negro es una pieza de corte boxy confeccionada en algod\u00f3n de alto gramaje. Presenta un gr\u00e1fico de una caja tor\u00e1cica con relieve tridimensional inspirado en la anatom\u00eda cl\u00e1sica y la est\u00e9tica del lujo oscuro (dark luxury).<\/p>","protected":false},"featured_media":1524,"template":"","meta":[],"product_brand":[],"product_cat":[16,26],"product_tag":[],"class_list":{"0":"post-18","1":"product","2":"type-product","3":"status-publish","4":"has-post-thumbnail","6":"product_cat-mens","7":"product_cat-skeletal-tee","9":"first","10":"instock","11":"sale","12":"featured","13":"shipping-taxable","14":"purchasable","15":"product-type-variable"},"_links":{"self":[{"href":"https:\/\/www.xibal.store\/es\/wp-json\/wp\/v2\/product\/18","targetHints":{"allow":["GET"]}}],"collection":[{"href":"https:\/\/www.xibal.store\/es\/wp-json\/wp\/v2\/product"}],"about":[{"href":"https:\/\/www.xibal.store\/es\/wp-json\/wp\/v2\/types\/product"}],"wp:featuredmedia":[{"embeddable":true,"href":"https:\/\/www.xibal.store\/es\/wp-json\/wp\/v2\/media\/1524"}],"wp:attachment":[{"href":"https:\/\/www.xibal.store\/es\/wp-json\/wp\/v2\/media?parent=18"}],"wp:term":[{"taxonomy":"product_brand","embeddable":true,"href":"https:\/\/www.xibal.store\/es\/wp-json\/wp\/v2\/product_brand?post=18"},{"taxonomy":"product_cat","embeddable":true,"href":"https:\/\/www.xibal.store\/es\/wp-json\/wp\/v2\/product_cat?post=18"},{"taxonomy":"product_tag","embeddable":true,"href":"https:\/\/www.xibal.store\/es\/wp-json\/wp\/v2\/product_tag?post=18"}],"curies":[{"name":"wp","href":"https:\/\/api.w.org\/{rel}","templated":true}]}}