{"id":217,"date":"2026-03-19T17:01:10","date_gmt":"2026-03-19T16:01:10","guid":{"rendered":"https:\/\/www.xibal.store\/?page_id=217"},"modified":"2026-04-02T21:34:01","modified_gmt":"2026-04-02T19:34:01","slug":"about-xibal","status":"publish","type":"page","link":"https:\/\/www.xibal.store\/es\/about-xibal\/","title":{"rendered":"Inside XIBAL"},"content":{"rendered":"<div data-elementor-type=\"wp-page\" data-elementor-id=\"217\" class=\"elementor elementor-217\">\n\t\t\t\t<div class=\"elementor-element elementor-element-549ab81 e-flex e-con-boxed e-con e-parent\" data-id=\"549ab81\" data-element_type=\"container\" data-e-type=\"container\">\n\t\t\t\t\t<div class=\"e-con-inner\">\n\t\t\t\t<div class=\"elementor-element elementor-element-72936d3 elementor-widget elementor-widget-image\" data-id=\"72936d3\" data-element_type=\"widget\" data-e-type=\"widget\" data-widget_type=\"image.default\">\n\t\t\t\t\t\t\t\t\t\t\t\t\t\t\t<img fetchpriority=\"high\" decoding=\"async\" width=\"1024\" height=\"449\" src=\"https:\/\/www.xibal.store\/wp-content\/uploads\/2026\/04\/XIBAL_printing-1024x449.png\" class=\"attachment-large size-large wp-image-610\" alt=\"\" srcset=\"https:\/\/www.xibal.store\/wp-content\/uploads\/2026\/04\/XIBAL_printing-1024x449.png 1024w, https:\/\/www.xibal.store\/wp-content\/uploads\/2026\/04\/XIBAL_printing-300x132.png 300w, https:\/\/www.xibal.store\/wp-content\/uploads\/2026\/04\/XIBAL_printing-768x337.png 768w, https:\/\/www.xibal.store\/wp-content\/uploads\/2026\/04\/XIBAL_printing-1000x439.png 1000w, https:\/\/www.xibal.store\/wp-content\/uploads\/2026\/04\/XIBAL_printing.png 1500w\" sizes=\"(max-width: 1024px) 100vw, 1024px\" \/>\t\t\t\t\t\t\t\t\t\t\t\t\t\t\t<\/div>\n\t\t\t\t<div class=\"elementor-element elementor-element-c5a8b60 elementor-widget elementor-widget-spacer\" data-id=\"c5a8b60\" data-element_type=\"widget\" data-e-type=\"widget\" data-widget_type=\"spacer.default\">\n\t\t\t\t\t\t\t<div class=\"elementor-spacer\">\n\t\t\t<div class=\"elementor-spacer-inner\"><\/div>\n\t\t<\/div>\n\t\t\t\t\t\t<\/div>\n\t\t\t\t<div class=\"elementor-element elementor-element-52e8c5d elementor-widget elementor-widget-heading\" data-id=\"52e8c5d\" data-element_type=\"widget\" data-e-type=\"widget\" data-widget_type=\"heading.default\">\n\t\t\t\t\t<h5 class=\"elementor-heading-title elementor-size-default\">EL ORIGEN DE LA X<\/h5>\t\t\t\t<\/div>\n\t\t\t\t<div class=\"elementor-element elementor-element-8c1f9b2 elementor-widget elementor-widget-text-editor\" data-id=\"8c1f9b2\" data-element_type=\"widget\" data-e-type=\"widget\" data-widget_type=\"text-editor.default\">\n\t\t\t\t\t\t\t\t\t<p data-path-to-node=\"6\"><strong>XIBAL<\/strong> no naci\u00f3 en un escritorio; naci\u00f3 de una obsesi\u00f3n con la identidad.<\/p><p data-path-to-node=\"7\">Durante m\u00e1s de dos d\u00e9cadas, la \"X\" ha sido una firma, una marca personal y un recordatorio. Desde los d\u00edas de adolescencia, donde el grafismo lo era todo, hasta mi carrera como artista y publicista, la \"X\" ha evolucionado conmigo. Es el s\u00edmbolo de lo que queda cuando quitas lo innecesario.<\/p><p data-path-to-node=\"8\"><strong>XIBAL<\/strong> es el encuentro de dos mundos: el misticismo profundo de mis ra\u00edces y la est\u00e9tica cruda del rock, esa est\u00e9tica que ve\u00eda de ni\u00f1o en los p\u00f3sters de la habitaci\u00f3n de mi hermano mayor.<\/p>\t\t\t\t\t\t\t\t<\/div>\n\t\t\t\t<div class=\"elementor-element elementor-element-262f8c6 elementor-widget elementor-widget-spacer\" data-id=\"262f8c6\" data-element_type=\"widget\" data-e-type=\"widget\" data-widget_type=\"spacer.default\">\n\t\t\t\t\t\t\t<div class=\"elementor-spacer\">\n\t\t\t<div class=\"elementor-spacer-inner\"><\/div>\n\t\t<\/div>\n\t\t\t\t\t\t<\/div>\n\t\t\t\t<div class=\"elementor-element elementor-element-89435dd elementor-widget elementor-widget-heading\" data-id=\"89435dd\" data-element_type=\"widget\" data-e-type=\"widget\" data-widget_type=\"heading.default\">\n\t\t\t\t\t<h5 class=\"elementor-heading-title elementor-size-default\">FILOSOF\u00cdA: M\u00cdNIMA PERO PROFUNDA<\/h5>\t\t\t\t<\/div>\n\t\t\t\t<div class=\"elementor-element elementor-element-a6ace6e elementor-widget elementor-widget-text-editor\" data-id=\"a6ace6e\" data-element_type=\"widget\" data-e-type=\"widget\" data-widget_type=\"text-editor.default\">\n\t\t\t\t\t\t\t\t\t<p data-path-to-node=\"10\">No hacemos ropa para llenar armarios, fabricamos prendas para quienes aprecian el concepto sobre el ruido. Creemos en el dise\u00f1o pensado, ese que no necesita gritar para ser notado.<\/p><p data-path-to-node=\"11\">Nuestros dise\u00f1os no son solo gr\u00e1ficos; son un tributo a la m\u00fasica que nos mueve, a la tinta en nuestra piel y a la honestidad de lo que somos. Es un gusto adquirido, forjado entre tazas de caf\u00e9, conversaciones reales y el rugir de una cultura que valora el detalle, el minimalismo y la libertad.<\/p>\t\t\t\t\t\t\t\t<\/div>\n\t\t\t\t<div class=\"elementor-element elementor-element-39e915c elementor-widget elementor-widget-spacer\" data-id=\"39e915c\" data-element_type=\"widget\" data-e-type=\"widget\" data-widget_type=\"spacer.default\">\n\t\t\t\t\t\t\t<div class=\"elementor-spacer\">\n\t\t\t<div class=\"elementor-spacer-inner\"><\/div>\n\t\t<\/div>\n\t\t\t\t\t\t<\/div>\n\t\t\t\t<div class=\"elementor-element elementor-element-302dff9 elementor-widget elementor-widget-heading\" data-id=\"302dff9\" data-element_type=\"widget\" data-e-type=\"widget\" data-widget_type=\"heading.default\">\n\t\t\t\t\t<h5 class=\"elementor-heading-title elementor-size-default\">NUESTRAS PIEZAS<\/h5>\t\t\t\t<\/div>\n\t\t\t\t<div class=\"elementor-element elementor-element-eace5d6 elementor-widget elementor-widget-text-editor\" data-id=\"eace5d6\" data-element_type=\"widget\" data-e-type=\"widget\" data-widget_type=\"text-editor.default\">\n\t\t\t\t\t\t\t\t\t<p data-path-to-node=\"13\">Nuestras prendas son piezas de autor dise\u00f1adas bajo una regla inquebrantable: <b data-path-to-node=\"13\" data-index-in-node=\"71\">si no lo llevar\u00edamos nosotros, no existe para XIBAL.<\/b><\/p><p data-path-to-node=\"14\">Ponemos 20 a\u00f1os de experiencia en ilustraci\u00f3n y publicidad en cada trazo, buscando ese equilibrio perfecto entre la herencia m\u00edstica y el minimalismo contempor\u00e1neo. Dise\u00f1amos para quienes, como nosotros, encuentran la belleza en el detalle m\u00ednimo y la profundidad del concepto.<\/p><p data-path-to-node=\"15\">XIBAL es identidad. Es superaci\u00f3n. Es el origen hecho prenda.<\/p>\t\t\t\t\t\t\t\t<\/div>\n\t\t\t\t<div class=\"elementor-element elementor-element-f5412f4 elementor-widget elementor-widget-spacer\" data-id=\"f5412f4\" data-element_type=\"widget\" data-e-type=\"widget\" data-widget_type=\"spacer.default\">\n\t\t\t\t\t\t\t<div class=\"elementor-spacer\">\n\t\t\t<div class=\"elementor-spacer-inner\"><\/div>\n\t\t<\/div>\n\t\t\t\t\t\t<\/div>\n\t\t\t\t<div class=\"elementor-element elementor-element-4d3ecc1 elementor-widget elementor-widget-image\" data-id=\"4d3ecc1\" data-element_type=\"widget\" data-e-type=\"widget\" data-widget_type=\"image.default\">\n\t\t\t\t\t\t\t\t\t\t\t\t\t\t\t<img decoding=\"async\" src=\"https:\/\/www.xibal.store\/wp-content\/uploads\/2026\/04\/xthian_sign.png\" title=\"xthian_sign\" alt=\"xthian_sign\" loading=\"lazy\" \/>\t\t\t\t\t\t\t\t\t\t\t\t\t\t\t<\/div>\n\t\t\t\t<div class=\"elementor-element elementor-element-5491da4 elementor-widget elementor-widget-text-editor\" data-id=\"5491da4\" data-element_type=\"widget\" data-e-type=\"widget\" data-widget_type=\"text-editor.default\">\n\t\t\t\t\t\t\t\t\t<p><i data-path-to-node=\"16\" data-index-in-node=\"7\">Founder of XIBAL<\/i><\/p>\t\t\t\t\t\t\t\t<\/div>\n\t\t\t\t<div class=\"elementor-element elementor-element-7644434 elementor-widget elementor-widget-spacer\" data-id=\"7644434\" data-element_type=\"widget\" data-e-type=\"widget\" data-widget_type=\"spacer.default\">\n\t\t\t\t\t\t\t<div class=\"elementor-spacer\">\n\t\t\t<div class=\"elementor-spacer-inner\"><\/div>\n\t\t<\/div>\n\t\t\t\t\t\t<\/div>\n\t\t\t\t\t<\/div>\n\t\t\t\t<\/div>\n\t\t\t\t<\/div>","protected":false},"excerpt":{"rendered":"<p>THE GENESIS OF THE X XIBAL wasn\u2019t born at a desk; it was born from an obsession with identity. For over two decades, the\u00a0X\u00a0has been a signature, a personal mark, and a constant reminder. From my teenage years, when graphic art was everything, to my career as an artist and advertiser, the X\u00a0has evolved alongside [&hellip;]<\/p>\n","protected":false},"author":1,"featured_media":0,"parent":0,"menu_order":0,"comment_status":"closed","ping_status":"closed","template":"","meta":{"footnotes":""},"class_list":["post-217","page","type-page","status-publish","hentry"],"blocksy_meta":[],"_links":{"self":[{"href":"https:\/\/www.xibal.store\/es\/wp-json\/wp\/v2\/pages\/217","targetHints":{"allow":["GET"]}}],"collection":[{"href":"https:\/\/www.xibal.store\/es\/wp-json\/wp\/v2\/pages"}],"about":[{"href":"https:\/\/www.xibal.store\/es\/wp-json\/wp\/v2\/types\/page"}],"author":[{"embeddable":true,"href":"https:\/\/www.xibal.store\/es\/wp-json\/wp\/v2\/users\/1"}],"replies":[{"embeddable":true,"href":"https:\/\/www.xibal.store\/es\/wp-json\/wp\/v2\/comments?post=217"}],"version-history":[{"count":38,"href":"https:\/\/www.xibal.store\/es\/wp-json\/wp\/v2\/pages\/217\/revisions"}],"predecessor-version":[{"id":624,"href":"https:\/\/www.xibal.store\/es\/wp-json\/wp\/v2\/pages\/217\/revisions\/624"}],"wp:attachment":[{"href":"https:\/\/www.xibal.store\/es\/wp-json\/wp\/v2\/media?parent=217"}],"curies":[{"name":"wp","href":"https:\/\/api.w.org\/{rel}","templated":true}]}}