{"id":215,"date":"2026-03-19T17:00:17","date_gmt":"2026-03-19T16:00:17","guid":{"rendered":"https:\/\/www.xibal.store\/?page_id=215"},"modified":"2026-03-30T19:56:04","modified_gmt":"2026-03-30T17:56:04","slug":"returns-refunds-policy","status":"publish","type":"page","link":"https:\/\/www.xibal.store\/es\/returns-refunds-policy\/","title":{"rendered":"Cambios y Devoluciones"},"content":{"rendered":"<div data-elementor-type=\"wp-page\" data-elementor-id=\"215\" class=\"elementor elementor-215\">\n\t\t\t\t<div class=\"elementor-element elementor-element-fac79a1 e-flex e-con-boxed e-con e-parent\" data-id=\"fac79a1\" data-element_type=\"container\" data-e-type=\"container\">\n\t\t\t\t\t<div class=\"e-con-inner\">\n\t\t\t\t<div class=\"elementor-element elementor-element-ba1aaa3 elementor-widget elementor-widget-heading\" data-id=\"ba1aaa3\" data-element_type=\"widget\" data-e-type=\"widget\" data-widget_type=\"heading.default\">\n\t\t\t\t\t<h2 class=\"elementor-heading-title elementor-size-default\">Cambios y Devoluciones<\/h2>\t\t\t\t<\/div>\n\t\t\t\t<div class=\"elementor-element elementor-element-3bcda32 elementor-widget elementor-widget-spacer\" data-id=\"3bcda32\" data-element_type=\"widget\" data-e-type=\"widget\" data-widget_type=\"spacer.default\">\n\t\t\t\t\t\t\t<div class=\"elementor-spacer\">\n\t\t\t<div class=\"elementor-spacer-inner\"><\/div>\n\t\t<\/div>\n\t\t\t\t\t\t<\/div>\n\t\t\t\t<div class=\"elementor-element elementor-element-ac0203e elementor-widget elementor-widget-text-editor\" data-id=\"ac0203e\" data-element_type=\"widget\" data-e-type=\"widget\" data-widget_type=\"text-editor.default\">\n\t\t\t\t\t\t\t\t\t<p>En <b data-path-to-node=\"2\" data-index-in-node=\"3\">XIBAL<\/b>, nos esforzamos por ofrecer prendas de la m\u00e1s alta calidad. Si por cualquier motivo no est\u00e1s satisfecho al 100% con tu compra, estamos aqu\u00ed para ayudarte a solucionarlo. Dispones de <b data-path-to-node=\"2\" data-index-in-node=\"168\">30 d\u00edas naturales<\/b> a partir de la recepci\u00f3n de tu pedido para solicitar una devoluci\u00f3n o un cambio.<\/p>\t\t\t\t\t\t\t\t<\/div>\n\t\t\t\t<div class=\"elementor-element elementor-element-68dc6fc elementor-widget elementor-widget-spacer\" data-id=\"68dc6fc\" data-element_type=\"widget\" data-e-type=\"widget\" data-widget_type=\"spacer.default\">\n\t\t\t\t\t\t\t<div class=\"elementor-spacer\">\n\t\t\t<div class=\"elementor-spacer-inner\"><\/div>\n\t\t<\/div>\n\t\t\t\t\t\t<\/div>\n\t\t\t\t<div class=\"elementor-element elementor-element-f340249 elementor-widget elementor-widget-heading\" data-id=\"f340249\" data-element_type=\"widget\" data-e-type=\"widget\" data-widget_type=\"heading.default\">\n\t\t\t\t\t<h5 class=\"elementor-heading-title elementor-size-default\">CONDICIONES DE DEVOLUCI\u00d3N<\/h5>\t\t\t\t<\/div>\n\t\t\t\t<div class=\"elementor-element elementor-element-5cfe9f1 elementor-widget elementor-widget-text-editor\" data-id=\"5cfe9f1\" data-element_type=\"widget\" data-e-type=\"widget\" data-widget_type=\"text-editor.default\">\n\t\t\t\t\t\t\t\t\t<p data-path-to-node=\"4\">Para que podamos procesar tu devoluci\u00f3n, el producto debe cumplir los siguientes requisitos:<\/p><ul data-path-to-node=\"5\"><li><p data-path-to-node=\"5,0,0\"><b data-path-to-node=\"5,0,0\" data-index-in-node=\"0\">Estado Original:<\/b> La prenda debe estar sin usar, sin lavar y con todas sus etiquetas originales intactas.<\/p><\/li><li><p data-path-to-node=\"5,1,0\"><b data-path-to-node=\"5,1,0\" data-index-in-node=\"0\">Integridad del Producto:<\/b> Libre de manchas de maquillaje, marcas de desodorante u olores externos (perfume, tabaco, etc.).<\/p><\/li><li><p data-path-to-node=\"5,2,0\"><b data-path-to-node=\"5,2,0\" data-index-in-node=\"0\">Embalaje:<\/b> El embalaje original debe estar bien protegido para evitar da\u00f1os durante el transporte de vuelta.<\/p><\/li><\/ul>\t\t\t\t\t\t\t\t<\/div>\n\t\t\t\t<div class=\"elementor-element elementor-element-8485f3e elementor-widget elementor-widget-spacer\" data-id=\"8485f3e\" data-element_type=\"widget\" data-e-type=\"widget\" data-widget_type=\"spacer.default\">\n\t\t\t\t\t\t\t<div class=\"elementor-spacer\">\n\t\t\t<div class=\"elementor-spacer-inner\"><\/div>\n\t\t<\/div>\n\t\t\t\t\t\t<\/div>\n\t\t\t\t<div class=\"elementor-element elementor-element-30e17fc elementor-widget elementor-widget-heading\" data-id=\"30e17fc\" data-element_type=\"widget\" data-e-type=\"widget\" data-widget_type=\"heading.default\">\n\t\t\t\t\t<h5 class=\"elementor-heading-title elementor-size-default\">C\u00d3MO REALIZAR UNA DEVOLUCI\u00d3N<\/h5>\t\t\t\t<\/div>\n\t\t\t\t<div class=\"elementor-element elementor-element-86dbbbd elementor-widget elementor-widget-text-editor\" data-id=\"86dbbbd\" data-element_type=\"widget\" data-e-type=\"widget\" data-widget_type=\"text-editor.default\">\n\t\t\t\t\t\t\t\t\t<ul><li><p data-path-to-node=\"7,0,0\"><b data-path-to-node=\"7,0,0\" data-index-in-node=\"0\">Solicitud:<\/b> Env\u00eda un correo electr\u00f3nico a <b data-path-to-node=\"7,0,0\" data-index-in-node=\"26\">info@xibal.store <\/b>indicando tu n\u00famero de pedido y el motivo de la devoluci\u00f3n.<\/p><\/li><li><p data-path-to-node=\"7,1,0\"><b data-path-to-node=\"7,1,0\" data-index-in-node=\"0\">Env\u00edo:<\/b> Una vez aprobada la solicitud, deber\u00e1s enviar el paquete a nuestra direcci\u00f3n de devoluciones (que te facilitaremos por correo).<\/p><\/li><li><p data-path-to-node=\"7,2,0\"><b data-path-to-node=\"7,2,0\" data-index-in-node=\"0\">Gastos de Env\u00edo:<\/b> A menos que el producto presente un defecto de fabricaci\u00f3n o haya habido un error por nuestra parte, los gastos de env\u00edo de la devoluci\u00f3n corren a cargo del cliente. Recomendamos utilizar un servicio con n\u00famero de seguimiento para evitar extrav\u00edos.<\/p><\/li><\/ul>\t\t\t\t\t\t\t\t<\/div>\n\t\t\t\t<div class=\"elementor-element elementor-element-155b3f6 elementor-widget elementor-widget-spacer\" data-id=\"155b3f6\" data-element_type=\"widget\" data-e-type=\"widget\" data-widget_type=\"spacer.default\">\n\t\t\t\t\t\t\t<div class=\"elementor-spacer\">\n\t\t\t<div class=\"elementor-spacer-inner\"><\/div>\n\t\t<\/div>\n\t\t\t\t\t\t<\/div>\n\t\t\t\t<div class=\"elementor-element elementor-element-c7fd410 elementor-widget elementor-widget-heading\" data-id=\"c7fd410\" data-element_type=\"widget\" data-e-type=\"widget\" data-widget_type=\"heading.default\">\n\t\t\t\t\t<h5 class=\"elementor-heading-title elementor-size-default\">CAMBIOS DE TALLA<\/h5>\t\t\t\t<\/div>\n\t\t\t\t<div class=\"elementor-element elementor-element-7abbca2 elementor-widget elementor-widget-text-editor\" data-id=\"7abbca2\" data-element_type=\"widget\" data-e-type=\"widget\" data-widget_type=\"text-editor.default\">\n\t\t\t\t\t\t\t\t\t<p data-path-to-node=\"9\">Queremos que tu prenda XIBAL te quede perfecta.<\/p><ul data-path-to-node=\"10\"><li><p data-path-to-node=\"10,0,0\">Si necesitas una talla distinta, el proceso es el mismo que el de una devoluci\u00f3n. Una vez recibamos tu art\u00edculo original y verifiquemos su estado, te enviaremos la nueva talla.<\/p><\/li><li><p data-path-to-node=\"10,1,0\">El primer cambio de talla dentro de Espa\u00f1a (Pen\u00ednsula) tiene una tarifa de gesti\u00f3n reducida de <b data-path-to-node=\"10,1,0\" data-index-in-node=\"81\">2,00\u20ac<\/b>.<\/p><\/li><\/ul>\t\t\t\t\t\t\t\t<\/div>\n\t\t\t\t<div class=\"elementor-element elementor-element-bdf4ddb elementor-widget elementor-widget-spacer\" data-id=\"bdf4ddb\" data-element_type=\"widget\" data-e-type=\"widget\" data-widget_type=\"spacer.default\">\n\t\t\t\t\t\t\t<div class=\"elementor-spacer\">\n\t\t\t<div class=\"elementor-spacer-inner\"><\/div>\n\t\t<\/div>\n\t\t\t\t\t\t<\/div>\n\t\t\t\t<div class=\"elementor-element elementor-element-afe1178 elementor-widget elementor-widget-heading\" data-id=\"afe1178\" data-element_type=\"widget\" data-e-type=\"widget\" data-widget_type=\"heading.default\">\n\t\t\t\t\t<h5 class=\"elementor-heading-title elementor-size-default\">REEMBOLSOS<\/h5>\t\t\t\t<\/div>\n\t\t\t\t<div class=\"elementor-element elementor-element-59309f2 elementor-widget elementor-widget-text-editor\" data-id=\"59309f2\" data-element_type=\"widget\" data-e-type=\"widget\" data-widget_type=\"text-editor.default\">\n\t\t\t\t\t\t\t\t\t<p data-path-to-node=\"12\">Una vez recibida e inspeccionada tu devoluci\u00f3n, te enviaremos un correo electr\u00f3nico de confirmaci\u00f3n.<\/p><ul data-path-to-node=\"13\"><li><p data-path-to-node=\"13,0,0\">Si es aprobada, el reembolso se procesar\u00e1 autom\u00e1ticamente en tu m\u00e9todo de pago original en un plazo de <b data-path-to-node=\"13,0,0\" data-index-in-node=\"95\">5 a 10 d\u00edas h\u00e1biles.<\/b>.<\/p><\/li><li><p data-path-to-node=\"13,1,0\">Ten en cuenta que los gastos de env\u00edo originales no son reembolsables.<\/p><\/li><\/ul>\t\t\t\t\t\t\t\t<\/div>\n\t\t\t\t<div class=\"elementor-element elementor-element-30c6553 elementor-widget elementor-widget-spacer\" data-id=\"30c6553\" data-element_type=\"widget\" data-e-type=\"widget\" data-widget_type=\"spacer.default\">\n\t\t\t\t\t\t\t<div class=\"elementor-spacer\">\n\t\t\t<div class=\"elementor-spacer-inner\"><\/div>\n\t\t<\/div>\n\t\t\t\t\t\t<\/div>\n\t\t\t\t<div class=\"elementor-element elementor-element-17329d3 elementor-widget elementor-widget-heading\" data-id=\"17329d3\" data-element_type=\"widget\" data-e-type=\"widget\" data-widget_type=\"heading.default\">\n\t\t\t\t\t<h5 class=\"elementor-heading-title elementor-size-default\">PRODUCTOS DEFECTUOSOS O ERRORES<\/h5>\t\t\t\t<\/div>\n\t\t\t\t<div class=\"elementor-element elementor-element-7ba8360 elementor-widget elementor-widget-text-editor\" data-id=\"7ba8360\" data-element_type=\"widget\" data-e-type=\"widget\" data-widget_type=\"text-editor.default\">\n\t\t\t\t\t\t\t\t\t<p>Si has recibido un art\u00edculo incorrecto o con un defecto de f\u00e1brica, \u00a1lo sentimos much\u00edsimo! Por favor, contacta con nosotros de inmediato adjuntando fotos del problema. En estos casos, <b data-path-to-node=\"15\" data-index-in-node=\"166\">XIBAL<\/b> cubrir\u00e1 todos los gastos de recogida y reenv\u00edo para rectificar el error lo antes posible.<\/p>\t\t\t\t\t\t\t\t<\/div>\n\t\t\t\t<div class=\"elementor-element elementor-element-c1e8fbc elementor-widget elementor-widget-spacer\" data-id=\"c1e8fbc\" data-element_type=\"widget\" data-e-type=\"widget\" data-widget_type=\"spacer.default\">\n\t\t\t\t\t\t\t<div class=\"elementor-spacer\">\n\t\t\t<div class=\"elementor-spacer-inner\"><\/div>\n\t\t<\/div>\n\t\t\t\t\t\t<\/div>\n\t\t\t\t<div class=\"elementor-element elementor-element-2983923 elementor-widget elementor-widget-heading\" data-id=\"2983923\" data-element_type=\"widget\" data-e-type=\"widget\" data-widget_type=\"heading.default\">\n\t\t\t\t\t<h5 class=\"elementor-heading-title elementor-size-default\">NOTAS IMPORTANTES<\/h5>\t\t\t\t<\/div>\n\t\t\t\t<div class=\"elementor-element elementor-element-f182a03 elementor-widget elementor-widget-text-editor\" data-id=\"f182a03\" data-element_type=\"widget\" data-e-type=\"widget\" data-widget_type=\"text-editor.default\">\n\t\t\t\t\t\t\t\t\t<p><strong>XIBAL<\/strong> se reserva el derecho de rechazar devoluciones comunicadas o enviadas fuera del plazo fijado, o prendas que no se encuentren en las mismas condiciones en las que fueron recibidas.<\/p>\t\t\t\t\t\t\t\t<\/div>\n\t\t\t\t<div class=\"elementor-element elementor-element-af9cd6a elementor-widget elementor-widget-spacer\" data-id=\"af9cd6a\" data-element_type=\"widget\" data-e-type=\"widget\" data-widget_type=\"spacer.default\">\n\t\t\t\t\t\t\t<div class=\"elementor-spacer\">\n\t\t\t<div class=\"elementor-spacer-inner\"><\/div>\n\t\t<\/div>\n\t\t\t\t\t\t<\/div>\n\t\t\t\t\t<\/div>\n\t\t\t\t<\/div>\n\t\t\t\t<\/div>","protected":false},"excerpt":{"rendered":"<p>Returns &amp; Refunds Policy At XIBAL, we strive to offer garments of the highest quality. If for any reason you are not 100% satisfied with your purchase, we are here to help you fix it. You have 30 calendar days from the receipt of your order to request a return or an exchange. RETURN CONDITIONS [&hellip;]<\/p>\n","protected":false},"author":1,"featured_media":0,"parent":0,"menu_order":0,"comment_status":"closed","ping_status":"closed","template":"","meta":{"footnotes":""},"class_list":["post-215","page","type-page","status-publish","hentry"],"blocksy_meta":[],"_links":{"self":[{"href":"https:\/\/www.xibal.store\/es\/wp-json\/wp\/v2\/pages\/215","targetHints":{"allow":["GET"]}}],"collection":[{"href":"https:\/\/www.xibal.store\/es\/wp-json\/wp\/v2\/pages"}],"about":[{"href":"https:\/\/www.xibal.store\/es\/wp-json\/wp\/v2\/types\/page"}],"author":[{"embeddable":true,"href":"https:\/\/www.xibal.store\/es\/wp-json\/wp\/v2\/users\/1"}],"replies":[{"embeddable":true,"href":"https:\/\/www.xibal.store\/es\/wp-json\/wp\/v2\/comments?post=215"}],"version-history":[{"count":25,"href":"https:\/\/www.xibal.store\/es\/wp-json\/wp\/v2\/pages\/215\/revisions"}],"predecessor-version":[{"id":520,"href":"https:\/\/www.xibal.store\/es\/wp-json\/wp\/v2\/pages\/215\/revisions\/520"}],"wp:attachment":[{"href":"https:\/\/www.xibal.store\/es\/wp-json\/wp\/v2\/media?parent=215"}],"curies":[{"name":"wp","href":"https:\/\/api.w.org\/{rel}","templated":true}]}}