{"id":213,"date":"2026-03-19T16:59:54","date_gmt":"2026-03-19T15:59:54","guid":{"rendered":"https:\/\/www.xibal.store\/?page_id=213"},"modified":"2026-03-30T19:54:57","modified_gmt":"2026-03-30T17:54:57","slug":"shipping-delivery","status":"publish","type":"page","link":"https:\/\/www.xibal.store\/es\/shipping-delivery\/","title":{"rendered":"Env\u00edos y Entregas"},"content":{"rendered":"<div data-elementor-type=\"wp-page\" data-elementor-id=\"213\" class=\"elementor elementor-213\">\n\t\t\t\t<div class=\"elementor-element elementor-element-10db7ca e-flex e-con-boxed e-con e-parent\" data-id=\"10db7ca\" data-element_type=\"container\" data-e-type=\"container\">\n\t\t\t\t\t<div class=\"e-con-inner\">\n\t\t\t\t<div class=\"elementor-element elementor-element-0ce8d76 elementor-widget elementor-widget-heading\" data-id=\"0ce8d76\" data-element_type=\"widget\" data-e-type=\"widget\" data-widget_type=\"heading.default\">\n\t\t\t\t\t<h2 class=\"elementor-heading-title elementor-size-default\">Env\u00edos y Entregas<\/h2>\t\t\t\t<\/div>\n\t\t\t\t<div class=\"elementor-element elementor-element-746be55 elementor-widget elementor-widget-spacer\" data-id=\"746be55\" data-element_type=\"widget\" data-e-type=\"widget\" data-widget_type=\"spacer.default\">\n\t\t\t\t\t\t\t<div class=\"elementor-spacer\">\n\t\t\t<div class=\"elementor-spacer-inner\"><\/div>\n\t\t<\/div>\n\t\t\t\t\t\t<\/div>\n\t\t\t\t<div class=\"elementor-element elementor-element-fe8307a elementor-widget elementor-widget-text-editor\" data-id=\"fe8307a\" data-element_type=\"widget\" data-e-type=\"widget\" data-widget_type=\"text-editor.default\">\n\t\t\t\t\t\t\t\t\t<p>En <b data-path-to-node=\"2\" data-index-in-node=\"3\">XIBAL<\/b>, entendemos que cada pedido es el comienzo de una nueva historia. Por eso, ponemos el mismo cuidado en nuestros env\u00edos que en el dise\u00f1o de nuestras prendas. Trabajamos para asegurar que tus pedidos lleguen seguros a cualquier lugar del mundo.<\/p>\t\t\t\t\t\t\t\t<\/div>\n\t\t\t\t<div class=\"elementor-element elementor-element-3c41bf4 elementor-widget elementor-widget-spacer\" data-id=\"3c41bf4\" data-element_type=\"widget\" data-e-type=\"widget\" data-widget_type=\"spacer.default\">\n\t\t\t\t\t\t\t<div class=\"elementor-spacer\">\n\t\t\t<div class=\"elementor-spacer-inner\"><\/div>\n\t\t<\/div>\n\t\t\t\t\t\t<\/div>\n\t\t\t\t<div class=\"elementor-element elementor-element-b5b4728 elementor-widget elementor-widget-heading\" data-id=\"b5b4728\" data-element_type=\"widget\" data-e-type=\"widget\" data-widget_type=\"heading.default\">\n\t\t\t\t\t<h5 class=\"elementor-heading-title elementor-size-default\">ENV\u00cdOS NACIONALES (ESPA\u00d1A)<\/h5>\t\t\t\t<\/div>\n\t\t\t\t<div class=\"elementor-element elementor-element-95595f9 elementor-widget elementor-widget-text-editor\" data-id=\"95595f9\" data-element_type=\"widget\" data-e-type=\"widget\" data-widget_type=\"text-editor.default\">\n\t\t\t\t\t\t\t\t\t<p data-path-to-node=\"4\">Realizamos env\u00edos a toda la Pen\u00ednsula, Baleares, Canarias, Ceuta y Melilla.<\/p><ul data-path-to-node=\"5\"><li><p data-path-to-node=\"5,0,0\"><b data-path-to-node=\"5,0,0\" data-index-in-node=\"0\">Pen\u00ednsula:<\/b> Entrega estimada en 48 \u2013 72 horas laborables.<\/p><\/li><li><p data-path-to-node=\"5,1,0\"><b data-path-to-node=\"5,1,0\" data-index-in-node=\"0\">Islas, Ceuta y Melilla:<\/b> Entrega estimada en 3 \u2013 5 d\u00edas h\u00e1biles.<\/p><\/li><\/ul><p data-path-to-node=\"5,1,0\"><b data-path-to-node=\"6,0\" data-index-in-node=\"0\">A tener en cuenta:<\/b> Los pedidos realizados despu\u00e9s de las 14:00 (GMT+1) ser\u00e1n procesados al siguiente d\u00eda h\u00e1bil. Durante periodos de lanzamientos o rebajas, los tiempos de entrega podr\u00edan verse ligeramente afectados.<\/p>\t\t\t\t\t\t\t\t<\/div>\n\t\t\t\t<div class=\"elementor-element elementor-element-56fd2c9 elementor-widget elementor-widget-spacer\" data-id=\"56fd2c9\" data-element_type=\"widget\" data-e-type=\"widget\" data-widget_type=\"spacer.default\">\n\t\t\t\t\t\t\t<div class=\"elementor-spacer\">\n\t\t\t<div class=\"elementor-spacer-inner\"><\/div>\n\t\t<\/div>\n\t\t\t\t\t\t<\/div>\n\t\t\t\t<div class=\"elementor-element elementor-element-094a2f5 elementor-widget elementor-widget-heading\" data-id=\"094a2f5\" data-element_type=\"widget\" data-e-type=\"widget\" data-widget_type=\"heading.default\">\n\t\t\t\t\t<h5 class=\"elementor-heading-title elementor-size-default\">ENV\u00cdOS A EUROPA (UE)<\/h5>\t\t\t\t<\/div>\n\t\t\t\t<div class=\"elementor-element elementor-element-4a2e1eb elementor-widget elementor-widget-text-editor\" data-id=\"4a2e1eb\" data-element_type=\"widget\" data-e-type=\"widget\" data-widget_type=\"text-editor.default\">\n\t\t\t\t\t\t\t\t\t<p data-path-to-node=\"8\">Llevamos la esencia de XIBAL a todo el continente europeo.<\/p><ul data-path-to-node=\"9\"><li><p data-path-to-node=\"9,0,0\"><b data-path-to-node=\"9,0,0\" data-index-in-node=\"0\">Tiempos de entrega:<\/b> Generalmente entre 5 y 10 d\u00edas h\u00e1biles, dependiendo del pa\u00eds de destino.<\/p><\/li><li><p data-path-to-node=\"9,1,0\"><b data-path-to-node=\"9,1,0\" data-index-in-node=\"0\">Seguimiento:<\/b> Todos los env\u00edos internacionales incluyen un n\u00famero de seguimiento para que puedas acompa\u00f1ar tu pedido desde nuestro almac\u00e9n hasta tu puerta.<\/p><\/li><\/ul>\t\t\t\t\t\t\t\t<\/div>\n\t\t\t\t<div class=\"elementor-element elementor-element-7cd7569 elementor-widget elementor-widget-spacer\" data-id=\"7cd7569\" data-element_type=\"widget\" data-e-type=\"widget\" data-widget_type=\"spacer.default\">\n\t\t\t\t\t\t\t<div class=\"elementor-spacer\">\n\t\t\t<div class=\"elementor-spacer-inner\"><\/div>\n\t\t<\/div>\n\t\t\t\t\t\t<\/div>\n\t\t\t\t<div class=\"elementor-element elementor-element-9e22398 elementor-widget elementor-widget-heading\" data-id=\"9e22398\" data-element_type=\"widget\" data-e-type=\"widget\" data-widget_type=\"heading.default\">\n\t\t\t\t\t<h5 class=\"elementor-heading-title elementor-size-default\">RESTO DEL MUNDO (INTERNACIONAL)<\/h5>\t\t\t\t<\/div>\n\t\t\t\t<div class=\"elementor-element elementor-element-27628e9 elementor-widget elementor-widget-text-editor\" data-id=\"27628e9\" data-element_type=\"widget\" data-e-type=\"widget\" data-widget_type=\"text-editor.default\">\n\t\t\t\t\t\t\t\t\t<p data-path-to-node=\"11\">No importa d\u00f3nde est\u00e9s, queremos que formes parte de la comunidad XIBAL.<\/p><ul data-path-to-node=\"12\"><li><p data-path-to-node=\"12,0,0\"><b data-path-to-node=\"12,0,0\" data-index-in-node=\"0\">Tiempos de entrega:<\/b> Entre 10 y 20 d\u00edas h\u00e1biles.<\/p><\/li><li><p data-path-to-node=\"12,1,0\"><b data-path-to-node=\"12,1,0\" data-index-in-node=\"0\">Aduanas e impuestos:<\/b> Ten en cuenta que los pedidos fuera de la Uni\u00f3n Europea pueden estar sujetos a aranceles e impuestos de importaci\u00f3n una vez que el paquete llega al pa\u00eds de destino. Estos cargos son responsabilidad del cliente y XIBAL no tiene control sobre ellos.<\/p><\/li><\/ul>\t\t\t\t\t\t\t\t<\/div>\n\t\t\t\t<div class=\"elementor-element elementor-element-c113ccd elementor-widget elementor-widget-spacer\" data-id=\"c113ccd\" data-element_type=\"widget\" data-e-type=\"widget\" data-widget_type=\"spacer.default\">\n\t\t\t\t\t\t\t<div class=\"elementor-spacer\">\n\t\t\t<div class=\"elementor-spacer-inner\"><\/div>\n\t\t<\/div>\n\t\t\t\t\t\t<\/div>\n\t\t\t\t<div class=\"elementor-element elementor-element-6edd09d elementor-widget elementor-widget-heading\" data-id=\"6edd09d\" data-element_type=\"widget\" data-e-type=\"widget\" data-widget_type=\"heading.default\">\n\t\t\t\t\t<h4 class=\"elementor-heading-title elementor-size-default\">INFORMACI\u00d3N ADICIONAL<\/h4>\t\t\t\t<\/div>\n\t\t\t\t<div class=\"elementor-element elementor-element-124ab3d elementor-widget elementor-widget-spacer\" data-id=\"124ab3d\" data-element_type=\"widget\" data-e-type=\"widget\" data-widget_type=\"spacer.default\">\n\t\t\t\t\t\t\t<div class=\"elementor-spacer\">\n\t\t\t<div class=\"elementor-spacer-inner\"><\/div>\n\t\t<\/div>\n\t\t\t\t\t\t<\/div>\n\t\t\t\t<div class=\"elementor-element elementor-element-9cc7fd6 elementor-widget elementor-widget-heading\" data-id=\"9cc7fd6\" data-element_type=\"widget\" data-e-type=\"widget\" data-widget_type=\"heading.default\">\n\t\t\t\t\t<h5 class=\"elementor-heading-title elementor-size-default\">PROCESAMIENTO DE PEDIDOS<\/h5>\t\t\t\t<\/div>\n\t\t\t\t<div class=\"elementor-element elementor-element-6528807 elementor-widget elementor-widget-text-editor\" data-id=\"6528807\" data-element_type=\"widget\" data-e-type=\"widget\" data-widget_type=\"text-editor.default\">\n\t\t\t\t\t\t\t\t\t<p>Nuestro equipo prepara los pedidos de lunes a viernes. Los pedidos realizados durante el fin de semana o en festivos nacionales se procesar\u00e1n el siguiente d\u00eda h\u00e1bil.<\/p>\t\t\t\t\t\t\t\t<\/div>\n\t\t\t\t<div class=\"elementor-element elementor-element-34c653b elementor-widget elementor-widget-spacer\" data-id=\"34c653b\" data-element_type=\"widget\" data-e-type=\"widget\" data-widget_type=\"spacer.default\">\n\t\t\t\t\t\t\t<div class=\"elementor-spacer\">\n\t\t\t<div class=\"elementor-spacer-inner\"><\/div>\n\t\t<\/div>\n\t\t\t\t\t\t<\/div>\n\t\t\t\t<div class=\"elementor-element elementor-element-e47acec elementor-widget elementor-widget-heading\" data-id=\"e47acec\" data-element_type=\"widget\" data-e-type=\"widget\" data-widget_type=\"heading.default\">\n\t\t\t\t\t<h5 class=\"elementor-heading-title elementor-size-default\">ESTADO DE TU ENV\u00cdO<\/h5>\t\t\t\t<\/div>\n\t\t\t\t<div class=\"elementor-element elementor-element-c64b250 elementor-widget elementor-widget-text-editor\" data-id=\"c64b250\" data-element_type=\"widget\" data-e-type=\"widget\" data-widget_type=\"text-editor.default\">\n\t\t\t\t\t\t\t\t\t<p>Tan pronto como tu pedido salga de nuestras manos, recibir\u00e1s un correo de confirmaci\u00f3n con tu enlace de seguimiento de <b data-path-to-node=\"16\" data-index-in-node=\"109\">Correos<\/b> . Si no lo ves en tu bandeja de entrada, no olvides revisar tu carpeta de Spam.<\/p>\t\t\t\t\t\t\t\t<\/div>\n\t\t\t\t<div class=\"elementor-element elementor-element-d8ea78e elementor-widget elementor-widget-spacer\" data-id=\"d8ea78e\" data-element_type=\"widget\" data-e-type=\"widget\" data-widget_type=\"spacer.default\">\n\t\t\t\t\t\t\t<div class=\"elementor-spacer\">\n\t\t\t<div class=\"elementor-spacer-inner\"><\/div>\n\t\t<\/div>\n\t\t\t\t\t\t<\/div>\n\t\t\t\t<div class=\"elementor-element elementor-element-d4431f5 elementor-widget elementor-widget-heading\" data-id=\"d4431f5\" data-element_type=\"widget\" data-e-type=\"widget\" data-widget_type=\"heading.default\">\n\t\t\t\t\t<h5 class=\"elementor-heading-title elementor-size-default\">\u00bfNECESITAS AYUDA?<\/h5>\t\t\t\t<\/div>\n\t\t\t\t<div class=\"elementor-element elementor-element-d96412b elementor-widget elementor-widget-text-editor\" data-id=\"d96412b\" data-element_type=\"widget\" data-e-type=\"widget\" data-widget_type=\"text-editor.default\">\n\t\t\t\t\t\t\t\t\t<p>Si tienes alguna duda sobre tu entrega o necesitas hacer un cambio de direcci\u00f3n de \u00faltima hora, escr\u00edbenos a <b data-path-to-node=\"17\" data-index-in-node=\"118\">info@xibal.store<\/b> y haremos todo lo posible por ayudarte antes de que el paquete sea despachado.<\/p>\t\t\t\t\t\t\t\t<\/div>\n\t\t\t\t<div class=\"elementor-element elementor-element-a7a79c6 elementor-widget elementor-widget-spacer\" data-id=\"a7a79c6\" data-element_type=\"widget\" data-e-type=\"widget\" data-widget_type=\"spacer.default\">\n\t\t\t\t\t\t\t<div class=\"elementor-spacer\">\n\t\t\t<div class=\"elementor-spacer-inner\"><\/div>\n\t\t<\/div>\n\t\t\t\t\t\t<\/div>\n\t\t\t\t\t<\/div>\n\t\t\t\t<\/div>\n\t\t\t\t<\/div>","protected":false},"excerpt":{"rendered":"<p>Shipping &amp; Delivery At XIBAL, we understand that every order is the start of a new story. That\u2019s why we put the same care into our shipping as we do into the design of our garments. We work hard to ensure your orders arrive safely, anywhere in the world. DOMESTIC SHIPPING (SPAIN) We ship to [&hellip;]<\/p>\n","protected":false},"author":1,"featured_media":0,"parent":0,"menu_order":0,"comment_status":"closed","ping_status":"closed","template":"","meta":{"footnotes":""},"class_list":["post-213","page","type-page","status-publish","hentry"],"blocksy_meta":[],"_links":{"self":[{"href":"https:\/\/www.xibal.store\/es\/wp-json\/wp\/v2\/pages\/213","targetHints":{"allow":["GET"]}}],"collection":[{"href":"https:\/\/www.xibal.store\/es\/wp-json\/wp\/v2\/pages"}],"about":[{"href":"https:\/\/www.xibal.store\/es\/wp-json\/wp\/v2\/types\/page"}],"author":[{"embeddable":true,"href":"https:\/\/www.xibal.store\/es\/wp-json\/wp\/v2\/users\/1"}],"replies":[{"embeddable":true,"href":"https:\/\/www.xibal.store\/es\/wp-json\/wp\/v2\/comments?post=213"}],"version-history":[{"count":31,"href":"https:\/\/www.xibal.store\/es\/wp-json\/wp\/v2\/pages\/213\/revisions"}],"predecessor-version":[{"id":517,"href":"https:\/\/www.xibal.store\/es\/wp-json\/wp\/v2\/pages\/213\/revisions\/517"}],"wp:attachment":[{"href":"https:\/\/www.xibal.store\/es\/wp-json\/wp\/v2\/media?parent=213"}],"curies":[{"name":"wp","href":"https:\/\/api.w.org\/{rel}","templated":true}]}}